{"id":220,"date":"2019-11-04T09:24:01","date_gmt":"2019-11-04T09:24:01","guid":{"rendered":"http:\/\/thegov.wgl-demo.net\/?page_id=220"},"modified":"2021-04-14T13:43:55","modified_gmt":"2021-04-14T11:43:55","slug":"home-1","status":"publish","type":"page","link":"https:\/\/vsekary.cz\/hasici\/","title":{"rendered":"Dom\u016f"},"content":{"rendered":"<div class=\"event-single_wrapper row\">\r\n            <div class=\"event-single_content wgl_col-4\">\r\n                   <i class=\"icon-event flaticon-clock\"><\/i>\r\n              <h6>Datum kon\u00e1n\u00ed:<\/h6>\r\n              Za\u010d\u00edna v 00:00<br \/>\r\n            6 dubna, 2021 - 13 dubna, 2021\r\n            <\/div>\r\n            \r\n            <div class=\"event-single_content wgl_col-4\">\r\n            <i class=\"icon-event flaticon-paper-plane\"><\/i>\r\n              <h6>E-Mail<\/h6>\r\n              <span>obec.vsekary@seznam.cz<\/span>\r\n            <\/div>\r\n            <\/div>\r\n            ","protected":false},"excerpt":{"rendered":"<p>6 dubna, 2021 &#8211; 13 dubna, 2021 @ All Day &#8211; Informace k mo\u017enosti nahl\u00e1\u0161en\u00ed spalov\u00e1n\u00ed ho\u0159lav\u00fdch l\u00e1tek na voln\u00e9m prostranstv\u00ed v katastru obce V\u0161ekary: Spalov\u00e1n\u00ed lze zaevidovat p\u0159es kontakty SDH V\u0161ekary \u2013 email sdh.vsekary@seznam.cz nebo mobil 606952764.<\/p>\n","protected":false},"author":1,"featured_media":0,"parent":0,"menu_order":0,"comment_status":"closed","ping_status":"closed","template":"","meta":{"spay_email":""},"_links":{"self":[{"href":"https:\/\/vsekary.cz\/hasici\/wp-json\/wp\/v2\/pages\/220"}],"collection":[{"href":"https:\/\/vsekary.cz\/hasici\/wp-json\/wp\/v2\/pages"}],"about":[{"href":"https:\/\/vsekary.cz\/hasici\/wp-json\/wp\/v2\/types\/page"}],"author":[{"embeddable":true,"href":"https:\/\/vsekary.cz\/hasici\/wp-json\/wp\/v2\/users\/1"}],"replies":[{"embeddable":true,"href":"https:\/\/vsekary.cz\/hasici\/wp-json\/wp\/v2\/comments?post=220"}],"version-history":[{"count":29,"href":"https:\/\/vsekary.cz\/hasici\/wp-json\/wp\/v2\/pages\/220\/revisions"}],"predecessor-version":[{"id":2868,"href":"https:\/\/vsekary.cz\/hasici\/wp-json\/wp\/v2\/pages\/220\/revisions\/2868"}],"wp:attachment":[{"href":"https:\/\/vsekary.cz\/hasici\/wp-json\/wp\/v2\/media?parent=220"}],"curies":[{"name":"wp","href":"https:\/\/api.w.org\/{rel}","templated":true}]}}